{"id":182,"date":"2025-10-29T15:17:55","date_gmt":"2025-10-29T14:17:55","guid":{"rendered":"https:\/\/groupe-bx.brainmade.lws-servers.be\/concurrentie\/"},"modified":"2025-10-30T10:11:08","modified_gmt":"2025-10-30T09:11:08","slug":"concurrentie","status":"publish","type":"page","link":"https:\/\/www.groupe-bx.be\/nl\/concurrentie\/","title":{"rendered":"Concurrentie"},"content":{"rendered":"\n<div class=\"wpcf7 no-js\" id=\"wpcf7-f185-o1\" lang=\"nl-NL\" dir=\"ltr\" data-wpcf7-id=\"185\">\n<div class=\"screen-reader-response\"><p role=\"status\" aria-live=\"polite\" aria-atomic=\"true\"><\/p> <ul><\/ul><\/div>\n<form action=\"\/nl\/wp-json\/wp\/v2\/pages\/182#wpcf7-f185-o1\" method=\"post\" class=\"wpcf7-form init\" aria-label=\"Contactformulier\" novalidate=\"novalidate\" data-status=\"init\">\n<fieldset class=\"hidden-fields-container\"><input type=\"hidden\" name=\"_wpcf7\" value=\"185\" \/><input type=\"hidden\" name=\"_wpcf7_version\" value=\"6.1.5\" \/><input type=\"hidden\" name=\"_wpcf7_locale\" value=\"nl_NL\" \/><input type=\"hidden\" name=\"_wpcf7_unit_tag\" value=\"wpcf7-f185-o1\" \/><input type=\"hidden\" name=\"_wpcf7_container_post\" value=\"0\" \/><input type=\"hidden\" name=\"_wpcf7_posted_data_hash\" value=\"\" \/><input type=\"hidden\" name=\"_wpcf7cf_hidden_group_fields\" value=\"[]\" \/><input type=\"hidden\" name=\"_wpcf7cf_hidden_groups\" value=\"[]\" \/><input type=\"hidden\" name=\"_wpcf7cf_visible_groups\" value=\"[]\" \/><input type=\"hidden\" name=\"_wpcf7cf_repeaters\" value=\"[]\" \/><input type=\"hidden\" name=\"_wpcf7cf_steps\" value=\"{}\" \/><input type=\"hidden\" name=\"_wpcf7cf_options\" value=\"{&quot;form_id&quot;:185,&quot;conditions&quot;:[],&quot;settings&quot;:{&quot;animation&quot;:&quot;yes&quot;,&quot;animation_intime&quot;:200,&quot;animation_outtime&quot;:200,&quot;conditions_ui&quot;:&quot;normal&quot;,&quot;notice_dismissed&quot;:false,&quot;notice_dismissed_rollback-cf7-6.1.2&quot;:true}}\" \/><input type=\"hidden\" name=\"_wpcf7dtx_version\" value=\"5.0.5\" \/><input type=\"hidden\" name=\"_wpcf7_recaptcha_response\" value=\"\" \/>\n<\/fieldset>\n<label>\n  Civilit\u00e9 *<br \/>\n  <span class=\"wpcf7-form-control-wrap\" data-name=\"civilite\"><select class=\"wpcf7-form-control wpcf7-select wpcf7-validates-as-required\" aria-required=\"true\" aria-invalid=\"false\" name=\"civilite\"><option value=\"Monsieur\">Monsieur<\/option><option value=\"Madame\">Madame<\/option><option value=\"Autre\">Autre<\/option><\/select><\/span>\n<\/label>\n\n<label>\n  Nom *<br \/>\n  <span class=\"wpcf7-form-control-wrap\" data-name=\"nom\"><input size=\"40\" maxlength=\"400\" class=\"wpcf7-form-control wpcf7-text wpcf7-validates-as-required\" aria-required=\"true\" aria-invalid=\"false\" placeholder=\"Votre nom\" value=\"\" type=\"text\" name=\"nom\" \/><\/span>\n<\/label>\n\n\n  <label>\n    Pr\u00e9nom *<br \/>\n    <span class=\"wpcf7-form-control-wrap\" data-name=\"prenom\"><input size=\"40\" maxlength=\"400\" class=\"wpcf7-form-control wpcf7-text wpcf7-validates-as-required\" aria-required=\"true\" aria-invalid=\"false\" placeholder=\"Votre pr\u00e9nom\" value=\"\" type=\"text\" name=\"prenom\" \/><\/span>\n  <\/label>\n\n<label>\n  T\u00e9l\u00e9phone *<br \/>\n  <span class=\"wpcf7-form-control-wrap\" data-name=\"telephone\"><input size=\"40\" maxlength=\"400\" class=\"wpcf7-form-control wpcf7-tel wpcf7-validates-as-required wpcf7-text wpcf7-validates-as-tel\" aria-required=\"true\" aria-invalid=\"false\" placeholder=\"Votre num\u00e9ro de t\u00e9l\u00e9phone\" value=\"\" type=\"tel\" name=\"telephone\" \/><\/span>\n<\/label>\n\n<label>\n  E-mail *<br \/>\n  <span class=\"wpcf7-form-control-wrap\" data-name=\"email\"><input size=\"40\" maxlength=\"400\" class=\"wpcf7-form-control wpcf7-email wpcf7-validates-as-required wpcf7-text wpcf7-validates-as-email\" aria-required=\"true\" aria-invalid=\"false\" placeholder=\"Votre adresse e-mail\" value=\"\" type=\"email\" name=\"email\" \/><\/span>\n<\/label>\n\n<p class=\"consentement\">\n <span class=\"wpcf7-form-control-wrap\" data-name=\"acceptance-101\"><span class=\"wpcf7-form-control wpcf7-acceptance\"><span class=\"wpcf7-list-item\"><label><input type=\"checkbox\" name=\"acceptance-101\" value=\"1\" aria-invalid=\"false\" \/><span class=\"wpcf7-list-item-label\">En soumettant les informations ci-dessus, je confirme que j'ai lu et compris la <a href=\"\/politique-de-confidentialite\/\" target=\"_blank\">politique de confidentialit\u00e9<\/a> et que je consens au traitement de mes informations tel qu'il y est d\u00e9crit et comme indiqu\u00e9 ci-dessous.<\/span><\/label><\/span><\/span><\/span> \n<\/p>\n<br\/>\n<input class=\"wpcf7-form-control wpcf7-submit has-spinner\" type=\"submit\" value=\"Envoyer ma participation\" \/><div class=\"wpcf7-response-output\" aria-hidden=\"true\"><\/div>\n<\/form>\n<\/div>\n\n","protected":false},"excerpt":{"rendered":"","protected":false},"author":1,"featured_media":0,"parent":0,"menu_order":0,"comment_status":"closed","ping_status":"closed","template":"page-templates\/template-concours.php","meta":{"_acf_changed":false,"inline_featured_image":false,"footnotes":""},"class_list":["post-182","page","type-page","status-publish","hentry"],"acf":[],"yoast_head":"<!-- This site is optimized with the Yoast SEO plugin v27.1.1 - https:\/\/yoast.com\/product\/yoast-seo-wordpress\/ -->\n<title>Concurrentie - BX-Groupe<\/title>\n<meta name=\"robots\" content=\"index, follow, max-snippet:-1, max-image-preview:large, max-video-preview:-1\" \/>\n<link rel=\"canonical\" href=\"https:\/\/www.groupe-bx.be\/nl\/concurrentie\/\" \/>\n<meta property=\"og:locale\" content=\"nl_NL\" \/>\n<meta property=\"og:type\" content=\"article\" \/>\n<meta property=\"og:title\" content=\"Concurrentie - BX-Groupe\" \/>\n<meta property=\"og:url\" content=\"https:\/\/www.groupe-bx.be\/nl\/concurrentie\/\" \/>\n<meta property=\"og:site_name\" content=\"BX-Groupe\" \/>\n<meta property=\"article:modified_time\" content=\"2025-10-30T09:11:08+00:00\" \/>\n<meta name=\"twitter:card\" content=\"summary_large_image\" \/>\n<meta name=\"twitter:label1\" content=\"Geschatte leestijd\" \/>\n\t<meta name=\"twitter:data1\" content=\"1 minuut\" \/>\n<script type=\"application\/ld+json\" class=\"yoast-schema-graph\">{\"@context\":\"https:\/\/schema.org\",\"@graph\":[{\"@type\":\"WebPage\",\"@id\":\"https:\/\/www.groupe-bx.be\/nl\/concurrentie\/\",\"url\":\"https:\/\/www.groupe-bx.be\/nl\/concurrentie\/\",\"name\":\"Concurrentie - BX-Groupe\",\"isPartOf\":{\"@id\":\"https:\/\/www.groupe-bx.be\/nl\/#website\"},\"datePublished\":\"2025-10-29T14:17:55+00:00\",\"dateModified\":\"2025-10-30T09:11:08+00:00\",\"breadcrumb\":{\"@id\":\"https:\/\/www.groupe-bx.be\/nl\/concurrentie\/#breadcrumb\"},\"inLanguage\":\"nl-NL\",\"potentialAction\":[{\"@type\":\"ReadAction\",\"target\":[\"https:\/\/www.groupe-bx.be\/nl\/concurrentie\/\"]}]},{\"@type\":\"BreadcrumbList\",\"@id\":\"https:\/\/www.groupe-bx.be\/nl\/concurrentie\/#breadcrumb\",\"itemListElement\":[{\"@type\":\"ListItem\",\"position\":1,\"name\":\"Home\",\"item\":\"https:\/\/www.groupe-bx.be\/nl\/\"},{\"@type\":\"ListItem\",\"position\":2,\"name\":\"Concurrentie\"}]},{\"@type\":\"WebSite\",\"@id\":\"https:\/\/www.groupe-bx.be\/nl\/#website\",\"url\":\"https:\/\/www.groupe-bx.be\/nl\/\",\"name\":\"BX-Groupe\",\"description\":\"\",\"potentialAction\":[{\"@type\":\"SearchAction\",\"target\":{\"@type\":\"EntryPoint\",\"urlTemplate\":\"https:\/\/www.groupe-bx.be\/nl\/?s={search_term_string}\"},\"query-input\":{\"@type\":\"PropertyValueSpecification\",\"valueRequired\":true,\"valueName\":\"search_term_string\"}}],\"inLanguage\":\"nl-NL\"}]}<\/script>\n<!-- \/ Yoast SEO plugin. -->","yoast_head_json":{"title":"Concurrentie - BX-Groupe","robots":{"index":"index","follow":"follow","max-snippet":"max-snippet:-1","max-image-preview":"max-image-preview:large","max-video-preview":"max-video-preview:-1"},"canonical":"https:\/\/www.groupe-bx.be\/nl\/concurrentie\/","og_locale":"nl_NL","og_type":"article","og_title":"Concurrentie - BX-Groupe","og_url":"https:\/\/www.groupe-bx.be\/nl\/concurrentie\/","og_site_name":"BX-Groupe","article_modified_time":"2025-10-30T09:11:08+00:00","twitter_card":"summary_large_image","twitter_misc":{"Geschatte leestijd":"1 minuut"},"schema":{"@context":"https:\/\/schema.org","@graph":[{"@type":"WebPage","@id":"https:\/\/www.groupe-bx.be\/nl\/concurrentie\/","url":"https:\/\/www.groupe-bx.be\/nl\/concurrentie\/","name":"Concurrentie - BX-Groupe","isPartOf":{"@id":"https:\/\/www.groupe-bx.be\/nl\/#website"},"datePublished":"2025-10-29T14:17:55+00:00","dateModified":"2025-10-30T09:11:08+00:00","breadcrumb":{"@id":"https:\/\/www.groupe-bx.be\/nl\/concurrentie\/#breadcrumb"},"inLanguage":"nl-NL","potentialAction":[{"@type":"ReadAction","target":["https:\/\/www.groupe-bx.be\/nl\/concurrentie\/"]}]},{"@type":"BreadcrumbList","@id":"https:\/\/www.groupe-bx.be\/nl\/concurrentie\/#breadcrumb","itemListElement":[{"@type":"ListItem","position":1,"name":"Home","item":"https:\/\/www.groupe-bx.be\/nl\/"},{"@type":"ListItem","position":2,"name":"Concurrentie"}]},{"@type":"WebSite","@id":"https:\/\/www.groupe-bx.be\/nl\/#website","url":"https:\/\/www.groupe-bx.be\/nl\/","name":"BX-Groupe","description":"","potentialAction":[{"@type":"SearchAction","target":{"@type":"EntryPoint","urlTemplate":"https:\/\/www.groupe-bx.be\/nl\/?s={search_term_string}"},"query-input":{"@type":"PropertyValueSpecification","valueRequired":true,"valueName":"search_term_string"}}],"inLanguage":"nl-NL"}]}},"_links":{"self":[{"href":"https:\/\/www.groupe-bx.be\/nl\/wp-json\/wp\/v2\/pages\/182","targetHints":{"allow":["GET"]}}],"collection":[{"href":"https:\/\/www.groupe-bx.be\/nl\/wp-json\/wp\/v2\/pages"}],"about":[{"href":"https:\/\/www.groupe-bx.be\/nl\/wp-json\/wp\/v2\/types\/page"}],"author":[{"embeddable":true,"href":"https:\/\/www.groupe-bx.be\/nl\/wp-json\/wp\/v2\/users\/1"}],"replies":[{"embeddable":true,"href":"https:\/\/www.groupe-bx.be\/nl\/wp-json\/wp\/v2\/comments?post=182"}],"version-history":[{"count":1,"href":"https:\/\/www.groupe-bx.be\/nl\/wp-json\/wp\/v2\/pages\/182\/revisions"}],"predecessor-version":[{"id":186,"href":"https:\/\/www.groupe-bx.be\/nl\/wp-json\/wp\/v2\/pages\/182\/revisions\/186"}],"wp:attachment":[{"href":"https:\/\/www.groupe-bx.be\/nl\/wp-json\/wp\/v2\/media?parent=182"}],"curies":[{"name":"wp","href":"https:\/\/api.w.org\/{rel}","templated":true}]}}